{"id":694,"date":"2026-04-18T08:22:13","date_gmt":"2026-04-18T08:22:13","guid":{"rendered":"https:\/\/iamkieuthu.azdigi.shop\/?page_id=694"},"modified":"2026-04-18T08:22:13","modified_gmt":"2026-04-18T08:22:13","slug":"chinh-sach-bao-mat","status":"publish","type":"page","link":"https:\/\/iamkieuthu.azdigi.shop\/index.php\/bo-suu-tap-xuan-2026\/chinh-sach-bao-mat\/","title":{"rendered":"Ch\u00ednh s\u00e1ch b\u1ea3o m\u1eadt"},"content":{"rendered":"<h1><strong>CH\u00cdNH S\u00c1CH B\u1ea2O M\u1eacT TH\u00d4NG TIN<\/strong><\/h1>\n<p><em>(k\u00e8m theo Quy\u1ebft \u0111\u1ecbnh s\u1ed1\u2026\u2026\u2026\u2026\u2026\/2020\/QD-SMS)<\/em><\/p>\n<p>Ch\u00ednh s\u00e1ch b\u1ea3o m\u1eadt th\u00f4ng tin kh\u00e1ch h\u00e0ng t\u1ea1i website Sammishop.com tu\u00e2n th\u1ee7 Ngh\u1ecb \u0111\u1ecbnh s\u1ed1 52\/2013\/N\u0110-CP c\u1ee7a Ch\u00ednh ph\u1ee7 v\u1ec1 th\u01b0\u01a1ng m\u1ea1i \u0111i\u1ec7n t\u1eed. Sammishop t\u1ea1o ra ch\u00ednh s\u00e1ch b\u1ea3o m\u1eadt n\u00e0y \u0111\u1ec3 minh ch\u1ee9ng cho cam k\u1ebft v\u1ec1 s\u1ef1 b\u1ea3o m\u1eadt an to\u00e0n th\u00f4ng tin kh\u00e1ch h\u00e0ng t\u1ea1i website c\u1ee7a Ch\u00fang t\u00f4i.<\/p>\n<p>B\u1eb1ng vi\u1ec7c \u0111\u1ecdc v\u00e0\/ho\u1eb7c khi trao cho Ch\u00fang t\u00f4i c\u00e1c th\u00f4ng tin c\u00e1 nh\u00e2n ngh\u0129a l\u00e0 Qu\u00fd Kh\u00e1ch h\u00e0ng \u0111\u00e3 \u0111\u1ed3ng \u00fd cho Ch\u00fang t\u00f4i \u0111\u01b0\u1ee3c thu th\u1eadp, s\u1eed d\u1ee5ng th\u00f4ng tin c\u00e1 nh\u00e2n nh\u01b0 \u0111\u01b0\u1ee3c n\u00eau t\u1ea1i Ch\u00ednh s\u00e1ch n\u00e0y. Th\u00f4ng qua Ch\u00ednh s\u00e1ch b\u1ea3o m\u1eadt th\u00f4ng tin n\u00e0y Ch\u00fang t\u00f4i mu\u1ed1n Qu\u00fd kh\u00e1ch h\u00e0ng hi\u1ec3u r\u00f5 m\u1ee5c \u0111\u00edch thu th\u1eadp th\u00f4ng tin, ph\u1ea1m vi s\u1eed d\u1ee5ng th\u00f4ng tin kh\u00e1ch h\u00e0ng ch\u1ec9 nh\u1eb1m ph\u1ee5c v\u1ee5 cho quy\u1ec1n l\u1ee3i c\u1ee7a Kh\u00e1ch h\u00e0ng khi mua s\u1eafm t\u1ea1i website c\u1ee7a Ch\u00fang t\u00f4i.<\/p>\n<p><strong>1. M\u1ee5c \u0111\u00edch thu th\u1eadp th\u00f4ng tin kh\u00e1ch h\u00e0ng:<\/strong><\/p>\n<p>\u0110\u1ec3 s\u1eed d\u1ee5ng \u0111\u01b0\u1ee3c c\u00e1c d\u1ecbch v\u1ee5 c\u1ee7a Sammishop, ng\u01b0\u1eddi mua h\u00e0ng ph\u1ea3i cung c\u1ea5p m\u1ed9t s\u1ed1 th\u00f4ng tin nh\u01b0: email, h\u1ecd t\u00ean, s\u1ed1 \u0111i\u1ec7n tho\u1ea1i, \u0111\u1ecba ch\u1ec9 v\u00e0 m\u1ed9t s\u1ed1 th\u00f4ng tin kh\u00e1c nh\u1eb1m gi\u00fap ch\u00fang t\u00f4i x\u00e1c \u0111\u1ecbnh ph\u1ea7n thanh to\u00e1n v\u00e0 giao h\u00e0ng ch\u00ednh x\u00e1c cho Qu\u00fd kh\u00e1ch h\u00e0ng. Qu\u00fd\u00a0 kh\u00e1ch h\u00e0ng c\u00f3 th\u1ec3 ch\u1ecdn kh\u00f4ng cung c\u1ea5p cho Ch\u00fang t\u00f4i m\u1ed9t s\u1ed1 th\u00f4ng tin nh\u1ea5t \u0111\u1ecbnh nh\u01b0ng khi \u0111\u00f3 Qu\u00fd kh\u00e1ch s\u1ebd kh\u00f4ng th\u1ec3 h\u01b0\u1edfng \u0111\u01b0\u1ee3c m\u1ed9t s\u1ed1 ti\u1ec7n \u00edch m\u00e0 nh\u1eefng t\u00ednh n\u0103ng m\u00e0 Ch\u00fang t\u00f4i cung c\u1ea5p. Ch\u00fang t\u00f4i c\u0169ng l\u01b0u tr\u1eef b\u1ea5t k\u1ef3 th\u00f4ng tin n\u00e0o Qu\u00fd kh\u00e1ch h\u00e0ng nh\u1eadp tr\u00ean website ho\u1eb7c g\u1eedi \u0111\u1ebfn Sammishop.com. Th\u00f4ng tin c\u1ee7a Kh\u00e1ch h\u00e0ng \u0111\u01b0\u1ee3c s\u1eed d\u1ee5ng cho m\u1ee5c \u0111\u00edch ph\u1ea3n h\u1ed3i y\u00eau c\u1ea7u c\u1ee7a Kh\u00e1ch h\u00e0ng, \u0111\u01b0a ra nh\u1eefng g\u1ee3i \u00fd\u200e ph\u00f9 h\u1ee3p cho t\u1eebng Kh\u00e1ch h\u00e0ng khi mua s\u1eafm t\u1ea1i Sammishop, n\u00e2ng cao ch\u1ea5t l\u01b0\u1ee3ng h\u00e0ng h\u00f3a d\u1ecbch v\u1ee5 v\u00e0 li\u00ean l\u1ea1c v\u1edbi ng\u01b0\u1eddi mua h\u00e0ng khi c\u1ea7n. Ngo\u00e0i ra, c\u00e1c th\u00f4ng tin giao d\u1ecbch g\u1ed3m: l\u1ecbch s\u1eed mua h\u00e0ng, gi\u00e1 tr\u1ecb giao d\u1ecbch, ph\u01b0\u01a1ng th\u1ee9c v\u1eadn chuy\u1ec3n v\u00e0 thanh to\u00e1n c\u0169ng \u0111\u01b0\u1ee3c sammishop.com l\u01b0u tr\u1eef nh\u1eb1m gi\u1ea3i quy\u1ebft nh\u1eefng v\u1ea5n \u0111\u1ec1 c\u00f3 th\u1ec3 ph\u00e1t sinh v\u1ec1 sau.<\/p>\n<p><strong>2. Ph\u1ea1m vi s\u1eed d\u1ee5ng th\u00f4ng tin:<\/strong><\/p>\n<p>M\u1ee5c \u0111\u00edch c\u1ee7a vi\u1ec7c thu th\u1eadp th\u00f4ng tin l\u00e0 nh\u1eb1m x\u00e2y d\u1ef1ng Sammishop tr\u1edf th\u00e0nh m\u1ed9t website th\u01b0\u01a1ng m\u1ea1i \u0111i\u1ec7n t\u1eed mang l\u1ea1i nhi\u1ec1u ti\u1ec7n \u00edch nh\u1ea5t cho kh\u00e1ch h\u00e0ng. V\u00ec th\u1ebf, vi\u1ec7c s\u1eed d\u1ee5ng th\u00f4ng tin s\u1ebd ph\u1ee5c v\u1ee5 nh\u1eefng ho\u1ea1t \u0111\u1ed9ng sau: G\u1eedi th\u00f4ng tin gi\u1edbi thi\u1ec7u s\u1ea3n ph\u1ea9m m\u1edbi v\u00e0 nh\u1eefng ch\u01b0\u01a1ng tr\u00ecnh khuy\u1ebfn m\u00e3i c\u1ee7a sammishop.com; cung c\u1ea5p m\u1ed9t s\u1ed1 ti\u1ec7n \u00edch, d\u1ecbch v\u1ee5 h\u1ed7 tr\u1ee3 kh\u00e1ch h\u00e0ng; N\u00e2ng cao ch\u1ea5t l\u01b0\u1ee3ng d\u1ecbch v\u1ee5 kh\u00e1ch h\u00e0ng c\u1ee7a m\u00ecnh; Gi\u1ea3i quy\u1ebft c\u00e1c v\u1ea5n \u0111\u1ec1, tranh ch\u1ea5p ph\u00e1t sinh li\u00ean quan \u0111\u1ebfn vi\u1ec7c s\u1eed d\u1ee5ng website; Ng\u0103n ch\u1eb7n nh\u1eefng ho\u1ea1t \u0111\u1ed9ng vi ph\u1ea1m ph\u00e1p lu\u1eadt Vi\u1ec7t Nam.<\/p>\n<p><strong>3. Th\u1eddi gian l\u01b0u tr\u1eef th\u00f4ng tin<\/strong>:<\/p>\n<p>02 n\u0103m k\u1ec3 t\u1eeb th\u1eddi \u0111i\u1ec3m \u0111\u01a1n h\u00e0ng\/th\u00f4ng tin cu\u1ed1i c\u00f9ng ph\u00e1t sinh.<\/p>\n<p><strong>4. Chia s\u1ebb th\u00f4ng tin:<\/strong><\/p>\n<p>Sammishop.com bi\u1ebft r\u1eb1ng th\u00f4ng tin v\u1ec1 kh\u00e1ch h\u00e0ng l\u00e0 m\u1ed9t ph\u1ea7n r\u1ea5t quan tr\u1ecdng trong vi\u1ec7c kinh doanh v\u00e0 Ch\u00fang t\u00f4i s\u1ebd kh\u00f4ng \u0111\u01b0\u1ee3c b\u00e1n, trao \u0111\u1ed5i cho b\u1ea5t k\u1ef3 m\u1ed9t b\u00ean th\u1ee9 ba n\u00e0o kh\u00e1c. Ch\u00fang t\u00f4i s\u1ebd kh\u00f4ng chia s\u1ebb th\u00f4ng tin kh\u00e1ch h\u00e0ng tr\u1eeb nh\u1eefng tr\u01b0\u1eddng h\u1ee3p c\u1ee5 th\u1ec3 sau \u0111\u00e2y:<\/p>\n<ul>\n<li>\u0110\u1ec3 b\u1ea3o v\u1ec7 Sammishop.com v\u00e0 c\u00e1c b\u00ean th\u1ee9 ba kh\u00e1c: Ch\u00fang t\u00f4i ch\u1ec9 \u0111\u01b0a ra th\u00f4ng tin t\u00e0i kho\u1ea3n v\u00e0 nh\u1eefng th\u00f4ng tin c\u00e1 nh\u00e2n kh\u00e1c khi tin ch\u1eafc r\u1eb1ng vi\u1ec7c \u0111\u01b0a nh\u1eefng th\u00f4ng tin \u0111\u00f3 l\u00e0 ph\u00f9 h\u1ee3p v\u1edbi lu\u1eadt ph\u00e1p, b\u1ea3o v\u1ec7 quy\u1ec1n l\u1ee3i, t\u00e0i s\u1ea3n c\u1ee7a ng\u01b0\u1eddi s\u1eed d\u1ee5ng d\u1ecbch v\u1ee5, c\u1ee7a Sammishop.com\u00a0 v\u00e0 c\u00e1c b\u00ean th\u1ee9 ba kh\u00e1c.<\/li>\n<li>Theo y\u00eau c\u1ea7u ph\u00e1p l\u200e\u00fd t\u1eeb m\u1ed9t c\u01a1 quan ch\u00ednh ph\u1ee7 ho\u1eb7c khi ch\u00fang t\u00f4i tin r\u1eb1ng vi\u1ec7c l\u00e0m \u0111\u00f3 l\u00e0 c\u1ea7n thi\u1ebft v\u00e0 ph\u00f9 h\u1ee3p nh\u1eb1m tu\u00e2n theo c\u00e1c y\u00eau c\u1ea7u ph\u00e1p l\u200e\u00fd.<\/li>\n<li>Trong nh\u1eefng tr\u01b0\u1eddng h\u1ee3p c\u00f2n l\u1ea1i, ch\u00fang t\u00f4i s\u1ebd c\u00f3 th\u00f4ng b\u00e1o c\u1ee5 th\u1ec3 cho Qu\u00fd kh\u00e1ch h\u00e0ng khi ph\u1ea3i ti\u1ebft l\u1ed9 th\u00f4ng tin cho m\u1ed9t b\u00ean th\u1ee9 ba v\u00e0 th\u00f4ng tin n\u00e0y ch\u1ec9 \u0111\u01b0\u1ee3c cung c\u1ea5p khi \u0111\u01b0\u1ee3c s\u1ef1 ph\u1ea3n h\u1ed3i \u0111\u1ed3ng \u200e\u00fd\u200e t\u1eeb ph\u00eda Qu\u00fd kh\u00e1ch h\u00e0ng. VD: c\u00e1c ch\u01b0\u01a1ng tr\u00ecnh khuy\u1ebfn m\u00e3i c\u00f3 s\u1ef1 h\u1ee3p t\u00e1c, t\u00e0i tr\u1ee3 v\u1edbi c\u00e1c \u0111\u1ed1i t\u00e1c c\u1ee7a sammishop.com; cung c\u1ea5p c\u00e1c th\u00f4ng tin giao nh\u1eadn c\u1ea7n thi\u1ebft cho c\u00e1c \u0111\u01a1n v\u1ecb v\u1eadn chuy\u1ec3n.<\/li>\n<\/ul>\n<p><strong>5. Th\u00f4ng tin li\u00ean h\u1ec7:<\/strong><\/p>\n<p><strong>Tr\u01b0\u1eddng h\u1ee3p c\u00f3 v\u1ea5n \u0111\u1ec1 li\u00ean quan \u0111\u1ebfn th\u00f4ng tin c\u00e1 nh\u00e2n ho\u1eb7c c\u1ea7n thay \u0111\u1ed5i, \u0111i\u1ec1u ch\u1ec9nh c\u00e1c th\u00f4ng tin \u0111\u00e3 cung c\u1ea5p, Qu\u00fd kh\u00e1ch h\u00e0ng c\u00f3 th\u1ec3 li\u00ean h\u1ec7 t\u1edbi Sammishop theo c\u00e1c th\u00f4ng tin d\u01b0\u1edbi \u0111\u00e2y:<\/strong><\/p>\n<p><strong>&#8211; C\u00f4ng ty TNHH 1 th\u00e0nh vi\u00ean KieuThu<\/strong><\/p>\n<p><strong>&#8211; \u0110i\u1ec7n tho\u1ea1i: 0784247636<\/strong><\/p>\n<p><strong>&#8211; Email: kieuthu2500@gmail.com<\/strong><\/p>\n<p>Ch\u00ednh s\u00e1ch n\u00e0y c\u00f3 hi\u1ec7u l\u1ef1c t\u1eeb ng\u00e0y 01 th\u00e1ng 01 n\u0103m 2020.Tr\u01b0\u1eddng h\u1ee3p c\u00f3 thay \u0111\u1ed5i, Ch\u00fang t\u00f4i s\u1ebd th\u00f4ng b\u00e1o v\u1ec1 n\u1ed9i dung thay \u0111\u1ed5i v\u00e0 th\u1eddi gian \u00e1p d\u1ee5ng Ch\u00ednh s\u00e1ch m\u1edbi tr\u00ean Website \u0111\u1ec3 Qu\u00fd kh\u00e1ch h\u00e0ng \u0111\u01b0\u1ee3c bi\u1ebft.<\/p>\n<p>Tr\u00e2n tr\u1ecdng c\u1ea3m \u01a1n !<\/p>\n","protected":false},"excerpt":{"rendered":"<p>CH\u00cdNH S\u00c1CH B\u1ea2O M\u1eacT TH\u00d4NG TIN (k\u00e8m theo Quy\u1ebft \u0111\u1ecbnh s\u1ed1\u2026\u2026\u2026\u2026\u2026\/2020\/QD-SMS) Ch\u00ednh s\u00e1ch b\u1ea3o m\u1eadt th\u00f4ng tin kh\u00e1ch h\u00e0ng t\u1ea1i website Sammishop.com tu\u00e2n th\u1ee7 Ngh\u1ecb \u0111\u1ecbnh s\u1ed1 52\/2013\/N\u0110-CP c\u1ee7a Ch\u00ednh ph\u1ee7 v\u1ec1 th\u01b0\u01a1ng m\u1ea1i \u0111i\u1ec7n t\u1eed. Sammishop t\u1ea1o ra ch\u00ednh s\u00e1ch b\u1ea3o m\u1eadt n\u00e0y \u0111\u1ec3 minh ch\u1ee9ng cho cam k\u1ebft v\u1ec1 s\u1ef1 b\u1ea3o m\u1eadt an [&#8230;]\n","protected":false},"author":1,"featured_media":0,"parent":18,"menu_order":0,"comment_status":"closed","ping_status":"closed","template":"page-blank-title-center.php","meta":{"footnotes":""},"class_list":["post-694","page","type-page","status-publish","hentry"],"yoast_head":"<!-- This site is optimized with the Yoast SEO plugin v26.9 - https:\/\/yoast.com\/product\/yoast-seo-wordpress\/ -->\n<title>Ch\u00ednh s\u00e1ch b\u1ea3o m\u1eadt - Artify<\/title>\n<meta name=\"robots\" content=\"index, follow, max-snippet:-1, max-image-preview:large, max-video-preview:-1\" \/>\n<link rel=\"canonical\" href=\"https:\/\/iamkieuthu.azdigi.shop\/index.php\/bo-suu-tap-xuan-2026\/chinh-sach-bao-mat\/\" \/>\n<meta property=\"og:locale\" content=\"en_US\" \/>\n<meta property=\"og:type\" content=\"article\" \/>\n<meta property=\"og:title\" content=\"Ch\u00ednh s\u00e1ch b\u1ea3o m\u1eadt - Artify\" \/>\n<meta property=\"og:description\" content=\"CH\u00cdNH S\u00c1CH B\u1ea2O M\u1eacT TH\u00d4NG TIN (k\u00e8m theo Quy\u1ebft \u0111\u1ecbnh s\u1ed1\u2026\u2026\u2026\u2026\u2026\/2020\/QD-SMS) Ch\u00ednh s\u00e1ch b\u1ea3o m\u1eadt th\u00f4ng tin kh\u00e1ch h\u00e0ng t\u1ea1i website Sammishop.com tu\u00e2n th\u1ee7 Ngh\u1ecb \u0111\u1ecbnh s\u1ed1 52\/2013\/N\u0110-CP c\u1ee7a Ch\u00ednh ph\u1ee7 v\u1ec1 th\u01b0\u01a1ng m\u1ea1i \u0111i\u1ec7n t\u1eed. Sammishop t\u1ea1o ra ch\u00ednh s\u00e1ch b\u1ea3o m\u1eadt n\u00e0y \u0111\u1ec3 minh ch\u1ee9ng cho cam k\u1ebft v\u1ec1 s\u1ef1 b\u1ea3o m\u1eadt an [...]\" \/>\n<meta property=\"og:url\" content=\"https:\/\/iamkieuthu.azdigi.shop\/index.php\/bo-suu-tap-xuan-2026\/chinh-sach-bao-mat\/\" \/>\n<meta property=\"og:site_name\" content=\"Artify\" \/>\n<meta name=\"twitter:card\" content=\"summary_large_image\" \/>\n<meta name=\"twitter:label1\" content=\"Est. reading time\" \/>\n\t<meta name=\"twitter:data1\" content=\"4 minutes\" \/>\n<script type=\"application\/ld+json\" class=\"yoast-schema-graph\">{\"@context\":\"https:\/\/schema.org\",\"@graph\":[{\"@type\":\"WebPage\",\"@id\":\"https:\/\/iamkieuthu.azdigi.shop\/index.php\/bo-suu-tap-xuan-2026\/chinh-sach-bao-mat\/\",\"url\":\"https:\/\/iamkieuthu.azdigi.shop\/index.php\/bo-suu-tap-xuan-2026\/chinh-sach-bao-mat\/\",\"name\":\"Ch\u00ednh s\u00e1ch b\u1ea3o m\u1eadt - Artify\",\"isPartOf\":{\"@id\":\"https:\/\/iamkieuthu.azdigi.shop\/#website\"},\"datePublished\":\"2026-04-18T08:22:13+00:00\",\"breadcrumb\":{\"@id\":\"https:\/\/iamkieuthu.azdigi.shop\/index.php\/bo-suu-tap-xuan-2026\/chinh-sach-bao-mat\/#breadcrumb\"},\"inLanguage\":\"en-US\",\"potentialAction\":[{\"@type\":\"ReadAction\",\"target\":[\"https:\/\/iamkieuthu.azdigi.shop\/index.php\/bo-suu-tap-xuan-2026\/chinh-sach-bao-mat\/\"]}]},{\"@type\":\"BreadcrumbList\",\"@id\":\"https:\/\/iamkieuthu.azdigi.shop\/index.php\/bo-suu-tap-xuan-2026\/chinh-sach-bao-mat\/#breadcrumb\",\"itemListElement\":[{\"@type\":\"ListItem\",\"position\":1,\"name\":\"Home\",\"item\":\"https:\/\/iamkieuthu.azdigi.shop\/\"},{\"@type\":\"ListItem\",\"position\":2,\"name\":\"Trang ch\u1ee7\",\"item\":\"https:\/\/iamkieuthu.azdigi.shop\/\"},{\"@type\":\"ListItem\",\"position\":3,\"name\":\"Ch\u00ednh s\u00e1ch b\u1ea3o m\u1eadt\"}]},{\"@type\":\"WebSite\",\"@id\":\"https:\/\/iamkieuthu.azdigi.shop\/#website\",\"url\":\"https:\/\/iamkieuthu.azdigi.shop\/\",\"name\":\"Artify\",\"description\":\"\",\"potentialAction\":[{\"@type\":\"SearchAction\",\"target\":{\"@type\":\"EntryPoint\",\"urlTemplate\":\"https:\/\/iamkieuthu.azdigi.shop\/?s={search_term_string}\"},\"query-input\":{\"@type\":\"PropertyValueSpecification\",\"valueRequired\":true,\"valueName\":\"search_term_string\"}}],\"inLanguage\":\"en-US\"}]}<\/script>\n<!-- \/ Yoast SEO plugin. -->","yoast_head_json":{"title":"Ch\u00ednh s\u00e1ch b\u1ea3o m\u1eadt - Artify","robots":{"index":"index","follow":"follow","max-snippet":"max-snippet:-1","max-image-preview":"max-image-preview:large","max-video-preview":"max-video-preview:-1"},"canonical":"https:\/\/iamkieuthu.azdigi.shop\/index.php\/bo-suu-tap-xuan-2026\/chinh-sach-bao-mat\/","og_locale":"en_US","og_type":"article","og_title":"Ch\u00ednh s\u00e1ch b\u1ea3o m\u1eadt - Artify","og_description":"CH\u00cdNH S\u00c1CH B\u1ea2O M\u1eacT TH\u00d4NG TIN (k\u00e8m theo Quy\u1ebft \u0111\u1ecbnh s\u1ed1\u2026\u2026\u2026\u2026\u2026\/2020\/QD-SMS) Ch\u00ednh s\u00e1ch b\u1ea3o m\u1eadt th\u00f4ng tin kh\u00e1ch h\u00e0ng t\u1ea1i website Sammishop.com tu\u00e2n th\u1ee7 Ngh\u1ecb \u0111\u1ecbnh s\u1ed1 52\/2013\/N\u0110-CP c\u1ee7a Ch\u00ednh ph\u1ee7 v\u1ec1 th\u01b0\u01a1ng m\u1ea1i \u0111i\u1ec7n t\u1eed. Sammishop t\u1ea1o ra ch\u00ednh s\u00e1ch b\u1ea3o m\u1eadt n\u00e0y \u0111\u1ec3 minh ch\u1ee9ng cho cam k\u1ebft v\u1ec1 s\u1ef1 b\u1ea3o m\u1eadt an [...]","og_url":"https:\/\/iamkieuthu.azdigi.shop\/index.php\/bo-suu-tap-xuan-2026\/chinh-sach-bao-mat\/","og_site_name":"Artify","twitter_card":"summary_large_image","twitter_misc":{"Est. reading time":"4 minutes"},"schema":{"@context":"https:\/\/schema.org","@graph":[{"@type":"WebPage","@id":"https:\/\/iamkieuthu.azdigi.shop\/index.php\/bo-suu-tap-xuan-2026\/chinh-sach-bao-mat\/","url":"https:\/\/iamkieuthu.azdigi.shop\/index.php\/bo-suu-tap-xuan-2026\/chinh-sach-bao-mat\/","name":"Ch\u00ednh s\u00e1ch b\u1ea3o m\u1eadt - Artify","isPartOf":{"@id":"https:\/\/iamkieuthu.azdigi.shop\/#website"},"datePublished":"2026-04-18T08:22:13+00:00","breadcrumb":{"@id":"https:\/\/iamkieuthu.azdigi.shop\/index.php\/bo-suu-tap-xuan-2026\/chinh-sach-bao-mat\/#breadcrumb"},"inLanguage":"en-US","potentialAction":[{"@type":"ReadAction","target":["https:\/\/iamkieuthu.azdigi.shop\/index.php\/bo-suu-tap-xuan-2026\/chinh-sach-bao-mat\/"]}]},{"@type":"BreadcrumbList","@id":"https:\/\/iamkieuthu.azdigi.shop\/index.php\/bo-suu-tap-xuan-2026\/chinh-sach-bao-mat\/#breadcrumb","itemListElement":[{"@type":"ListItem","position":1,"name":"Home","item":"https:\/\/iamkieuthu.azdigi.shop\/"},{"@type":"ListItem","position":2,"name":"Trang ch\u1ee7","item":"https:\/\/iamkieuthu.azdigi.shop\/"},{"@type":"ListItem","position":3,"name":"Ch\u00ednh s\u00e1ch b\u1ea3o m\u1eadt"}]},{"@type":"WebSite","@id":"https:\/\/iamkieuthu.azdigi.shop\/#website","url":"https:\/\/iamkieuthu.azdigi.shop\/","name":"Artify","description":"","potentialAction":[{"@type":"SearchAction","target":{"@type":"EntryPoint","urlTemplate":"https:\/\/iamkieuthu.azdigi.shop\/?s={search_term_string}"},"query-input":{"@type":"PropertyValueSpecification","valueRequired":true,"valueName":"search_term_string"}}],"inLanguage":"en-US"}]}},"jetpack_sharing_enabled":true,"_links":{"self":[{"href":"https:\/\/iamkieuthu.azdigi.shop\/index.php\/wp-json\/wp\/v2\/pages\/694","targetHints":{"allow":["GET"]}}],"collection":[{"href":"https:\/\/iamkieuthu.azdigi.shop\/index.php\/wp-json\/wp\/v2\/pages"}],"about":[{"href":"https:\/\/iamkieuthu.azdigi.shop\/index.php\/wp-json\/wp\/v2\/types\/page"}],"author":[{"embeddable":true,"href":"https:\/\/iamkieuthu.azdigi.shop\/index.php\/wp-json\/wp\/v2\/users\/1"}],"replies":[{"embeddable":true,"href":"https:\/\/iamkieuthu.azdigi.shop\/index.php\/wp-json\/wp\/v2\/comments?post=694"}],"version-history":[{"count":1,"href":"https:\/\/iamkieuthu.azdigi.shop\/index.php\/wp-json\/wp\/v2\/pages\/694\/revisions"}],"predecessor-version":[{"id":695,"href":"https:\/\/iamkieuthu.azdigi.shop\/index.php\/wp-json\/wp\/v2\/pages\/694\/revisions\/695"}],"up":[{"embeddable":true,"href":"https:\/\/iamkieuthu.azdigi.shop\/index.php\/wp-json\/wp\/v2\/pages\/18"}],"wp:attachment":[{"href":"https:\/\/iamkieuthu.azdigi.shop\/index.php\/wp-json\/wp\/v2\/media?parent=694"}],"curies":[{"name":"wp","href":"https:\/\/api.w.org\/{rel}","templated":true}]}}