{"id":686,"date":"2026-04-18T08:04:00","date_gmt":"2026-04-18T08:04:00","guid":{"rendered":"https:\/\/iamkieuthu.azdigi.shop\/?page_id=686"},"modified":"2026-04-18T08:05:03","modified_gmt":"2026-04-18T08:05:03","slug":"huong-dan-thanh-toan","status":"publish","type":"page","link":"https:\/\/iamkieuthu.azdigi.shop\/index.php\/bo-suu-tap-xuan-2026\/huong-dan-thanh-toan\/","title":{"rendered":"H\u01b0\u1edbng d\u1eabn thanh to\u00e1n"},"content":{"rendered":"<h2>Thanh to\u00e1n qua ng\u00e2n h\u00e0ng:<\/h2>\n<p><img loading=\"lazy\" decoding=\"async\" class=\"alignnone size-medium wp-image-687\" src=\"https:\/\/iamkieuthu.azdigi.shop\/wp-content\/uploads\/2026\/04\/Vietcombank_Logo.svg-300x103.png\" alt=\"\" width=\"300\" height=\"103\" srcset=\"https:\/\/iamkieuthu.azdigi.shop\/wp-content\/uploads\/2026\/04\/Vietcombank_Logo.svg-300x103.png 300w, https:\/\/iamkieuthu.azdigi.shop\/wp-content\/uploads\/2026\/04\/Vietcombank_Logo.svg-1024x352.png 1024w, https:\/\/iamkieuthu.azdigi.shop\/wp-content\/uploads\/2026\/04\/Vietcombank_Logo.svg-768x264.png 768w, https:\/\/iamkieuthu.azdigi.shop\/wp-content\/uploads\/2026\/04\/Vietcombank_Logo.svg-600x206.png 600w, https:\/\/iamkieuthu.azdigi.shop\/wp-content\/uploads\/2026\/04\/Vietcombank_Logo.svg.png 1280w\" sizes=\"auto, (max-width: 300px) 100vw, 300px\" \/><\/p>\n<p>N\u1ebfu b\u1ea1n ch\u1ecdn ph\u01b0\u01a1ng th\u1ee9c thanh to\u00e1n qua ng\u00e2n h\u00e0ng, vui l\u00f2ng chuy\u1ec3n ti\u1ec1n v\u00e0o t\u00e0i kho\u1ea3n:S\u1ed1 t\u00e0i kho\u1ea3n: 1033556718\u00a0&#8211; Ng\u00e2n h\u00e0ng Vietcombank &#8211; Chi nh\u00e1nh K\u1ef3 \u0110\u1ed3ng &#8211; Tp. HCM-<br \/>\nCh\u1ee7 t\u00e0i kho\u1ea3n: Ph\u1ea1m Th\u1ecb Ki\u1ec1u Thu<\/p>\n<p>H\u1eccA C\u1ee4 ART STORE &#8211; Chuy\u00ean cung c\u1ea5p d\u1ee5ng c\u1ee5 v\u1ebd M\u1ef9 thu\u1eadt, Ki\u1ebfn tr\u00fac, ph\u1ee5 ki\u1ec7n v\u00e0 qu\u00e0 t\u1eb7ng<br \/>\n\u2022 C\u1eeda h\u00e0ng: 467 H\u00e0 Huy Gi\u00e1p, Ph\u01b0\u1eddng Th\u1ea1nh Xu\u00e2n, Tp. H\u1ed3 Ch\u00ed Minh<br \/>\n\u2022 Th\u1eddi gian m\u1edf c\u1eeda: S\u00e1ng T\u1eeb 8h00 &#8211; 12h00, Chi\u1ec1u t\u1eeb 13h30 &#8211; 17h30<br \/>\n\u2022 Zalo: 0784247636<\/p>\n","protected":false},"excerpt":{"rendered":"<p>Thanh to\u00e1n qua ng\u00e2n h\u00e0ng: N\u1ebfu b\u1ea1n ch\u1ecdn ph\u01b0\u01a1ng th\u1ee9c thanh to\u00e1n qua ng\u00e2n h\u00e0ng, vui l\u00f2ng chuy\u1ec3n ti\u1ec1n v\u00e0o t\u00e0i kho\u1ea3n:S\u1ed1 t\u00e0i kho\u1ea3n: 1033556718\u00a0&#8211; Ng\u00e2n h\u00e0ng Vietcombank &#8211; Chi nh\u00e1nh K\u1ef3 \u0110\u1ed3ng &#8211; Tp. HCM- Ch\u1ee7 t\u00e0i kho\u1ea3n: Ph\u1ea1m Th\u1ecb Ki\u1ec1u Thu H\u1eccA C\u1ee4 ART STORE &#8211; Chuy\u00ean cung c\u1ea5p d\u1ee5ng c\u1ee5 v\u1ebd M\u1ef9 [&#8230;]\n","protected":false},"author":1,"featured_media":0,"parent":18,"menu_order":0,"comment_status":"closed","ping_status":"closed","template":"page-blank-title-center.php","meta":{"footnotes":""},"class_list":["post-686","page","type-page","status-publish","hentry"],"yoast_head":"<!-- This site is optimized with the Yoast SEO plugin v26.9 - https:\/\/yoast.com\/product\/yoast-seo-wordpress\/ -->\n<title>H\u01b0\u1edbng d\u1eabn thanh to\u00e1n - Artify<\/title>\n<meta name=\"robots\" content=\"index, follow, max-snippet:-1, max-image-preview:large, max-video-preview:-1\" \/>\n<link rel=\"canonical\" href=\"https:\/\/iamkieuthu.azdigi.shop\/index.php\/bo-suu-tap-xuan-2026\/huong-dan-thanh-toan\/\" \/>\n<meta property=\"og:locale\" content=\"en_US\" \/>\n<meta property=\"og:type\" content=\"article\" \/>\n<meta property=\"og:title\" content=\"H\u01b0\u1edbng d\u1eabn thanh to\u00e1n - Artify\" \/>\n<meta property=\"og:description\" content=\"Thanh to\u00e1n qua ng\u00e2n h\u00e0ng: N\u1ebfu b\u1ea1n ch\u1ecdn ph\u01b0\u01a1ng th\u1ee9c thanh to\u00e1n qua ng\u00e2n h\u00e0ng, vui l\u00f2ng chuy\u1ec3n ti\u1ec1n v\u00e0o t\u00e0i kho\u1ea3n:S\u1ed1 t\u00e0i kho\u1ea3n: 1033556718\u00a0&#8211; Ng\u00e2n h\u00e0ng Vietcombank &#8211; Chi nh\u00e1nh K\u1ef3 \u0110\u1ed3ng &#8211; Tp. HCM- Ch\u1ee7 t\u00e0i kho\u1ea3n: Ph\u1ea1m Th\u1ecb Ki\u1ec1u Thu H\u1eccA C\u1ee4 ART STORE &#8211; Chuy\u00ean cung c\u1ea5p d\u1ee5ng c\u1ee5 v\u1ebd M\u1ef9 [...]\" \/>\n<meta property=\"og:url\" content=\"https:\/\/iamkieuthu.azdigi.shop\/index.php\/bo-suu-tap-xuan-2026\/huong-dan-thanh-toan\/\" \/>\n<meta property=\"og:site_name\" content=\"Artify\" \/>\n<meta property=\"article:modified_time\" content=\"2026-04-18T08:05:03+00:00\" \/>\n<meta property=\"og:image\" content=\"https:\/\/iamkieuthu.azdigi.shop\/wp-content\/uploads\/2026\/04\/Vietcombank_Logo.svg.png\" \/>\n\t<meta property=\"og:image:width\" content=\"1280\" \/>\n\t<meta property=\"og:image:height\" content=\"440\" \/>\n\t<meta property=\"og:image:type\" content=\"image\/png\" \/>\n<meta name=\"twitter:card\" content=\"summary_large_image\" \/>\n<meta name=\"twitter:label1\" content=\"Est. reading time\" \/>\n\t<meta name=\"twitter:data1\" content=\"1 minute\" \/>\n<script type=\"application\/ld+json\" class=\"yoast-schema-graph\">{\"@context\":\"https:\/\/schema.org\",\"@graph\":[{\"@type\":\"WebPage\",\"@id\":\"https:\/\/iamkieuthu.azdigi.shop\/index.php\/bo-suu-tap-xuan-2026\/huong-dan-thanh-toan\/\",\"url\":\"https:\/\/iamkieuthu.azdigi.shop\/index.php\/bo-suu-tap-xuan-2026\/huong-dan-thanh-toan\/\",\"name\":\"H\u01b0\u1edbng d\u1eabn thanh to\u00e1n - Artify\",\"isPartOf\":{\"@id\":\"https:\/\/iamkieuthu.azdigi.shop\/#website\"},\"primaryImageOfPage\":{\"@id\":\"https:\/\/iamkieuthu.azdigi.shop\/index.php\/bo-suu-tap-xuan-2026\/huong-dan-thanh-toan\/#primaryimage\"},\"image\":{\"@id\":\"https:\/\/iamkieuthu.azdigi.shop\/index.php\/bo-suu-tap-xuan-2026\/huong-dan-thanh-toan\/#primaryimage\"},\"thumbnailUrl\":\"https:\/\/iamkieuthu.azdigi.shop\/wp-content\/uploads\/2026\/04\/Vietcombank_Logo.svg-300x103.png\",\"datePublished\":\"2026-04-18T08:04:00+00:00\",\"dateModified\":\"2026-04-18T08:05:03+00:00\",\"breadcrumb\":{\"@id\":\"https:\/\/iamkieuthu.azdigi.shop\/index.php\/bo-suu-tap-xuan-2026\/huong-dan-thanh-toan\/#breadcrumb\"},\"inLanguage\":\"en-US\",\"potentialAction\":[{\"@type\":\"ReadAction\",\"target\":[\"https:\/\/iamkieuthu.azdigi.shop\/index.php\/bo-suu-tap-xuan-2026\/huong-dan-thanh-toan\/\"]}]},{\"@type\":\"ImageObject\",\"inLanguage\":\"en-US\",\"@id\":\"https:\/\/iamkieuthu.azdigi.shop\/index.php\/bo-suu-tap-xuan-2026\/huong-dan-thanh-toan\/#primaryimage\",\"url\":\"https:\/\/iamkieuthu.azdigi.shop\/wp-content\/uploads\/2026\/04\/Vietcombank_Logo.svg.png\",\"contentUrl\":\"https:\/\/iamkieuthu.azdigi.shop\/wp-content\/uploads\/2026\/04\/Vietcombank_Logo.svg.png\",\"width\":1280,\"height\":440},{\"@type\":\"BreadcrumbList\",\"@id\":\"https:\/\/iamkieuthu.azdigi.shop\/index.php\/bo-suu-tap-xuan-2026\/huong-dan-thanh-toan\/#breadcrumb\",\"itemListElement\":[{\"@type\":\"ListItem\",\"position\":1,\"name\":\"Home\",\"item\":\"https:\/\/iamkieuthu.azdigi.shop\/\"},{\"@type\":\"ListItem\",\"position\":2,\"name\":\"Trang ch\u1ee7\",\"item\":\"https:\/\/iamkieuthu.azdigi.shop\/\"},{\"@type\":\"ListItem\",\"position\":3,\"name\":\"H\u01b0\u1edbng d\u1eabn thanh to\u00e1n\"}]},{\"@type\":\"WebSite\",\"@id\":\"https:\/\/iamkieuthu.azdigi.shop\/#website\",\"url\":\"https:\/\/iamkieuthu.azdigi.shop\/\",\"name\":\"Artify\",\"description\":\"\",\"potentialAction\":[{\"@type\":\"SearchAction\",\"target\":{\"@type\":\"EntryPoint\",\"urlTemplate\":\"https:\/\/iamkieuthu.azdigi.shop\/?s={search_term_string}\"},\"query-input\":{\"@type\":\"PropertyValueSpecification\",\"valueRequired\":true,\"valueName\":\"search_term_string\"}}],\"inLanguage\":\"en-US\"}]}<\/script>\n<!-- \/ Yoast SEO plugin. -->","yoast_head_json":{"title":"H\u01b0\u1edbng d\u1eabn thanh to\u00e1n - Artify","robots":{"index":"index","follow":"follow","max-snippet":"max-snippet:-1","max-image-preview":"max-image-preview:large","max-video-preview":"max-video-preview:-1"},"canonical":"https:\/\/iamkieuthu.azdigi.shop\/index.php\/bo-suu-tap-xuan-2026\/huong-dan-thanh-toan\/","og_locale":"en_US","og_type":"article","og_title":"H\u01b0\u1edbng d\u1eabn thanh to\u00e1n - Artify","og_description":"Thanh to\u00e1n qua ng\u00e2n h\u00e0ng: N\u1ebfu b\u1ea1n ch\u1ecdn ph\u01b0\u01a1ng th\u1ee9c thanh to\u00e1n qua ng\u00e2n h\u00e0ng, vui l\u00f2ng chuy\u1ec3n ti\u1ec1n v\u00e0o t\u00e0i kho\u1ea3n:S\u1ed1 t\u00e0i kho\u1ea3n: 1033556718\u00a0&#8211; Ng\u00e2n h\u00e0ng Vietcombank &#8211; Chi nh\u00e1nh K\u1ef3 \u0110\u1ed3ng &#8211; Tp. HCM- Ch\u1ee7 t\u00e0i kho\u1ea3n: Ph\u1ea1m Th\u1ecb Ki\u1ec1u Thu H\u1eccA C\u1ee4 ART STORE &#8211; Chuy\u00ean cung c\u1ea5p d\u1ee5ng c\u1ee5 v\u1ebd M\u1ef9 [...]","og_url":"https:\/\/iamkieuthu.azdigi.shop\/index.php\/bo-suu-tap-xuan-2026\/huong-dan-thanh-toan\/","og_site_name":"Artify","article_modified_time":"2026-04-18T08:05:03+00:00","og_image":[{"width":1280,"height":440,"url":"https:\/\/iamkieuthu.azdigi.shop\/wp-content\/uploads\/2026\/04\/Vietcombank_Logo.svg.png","type":"image\/png"}],"twitter_card":"summary_large_image","twitter_misc":{"Est. reading time":"1 minute"},"schema":{"@context":"https:\/\/schema.org","@graph":[{"@type":"WebPage","@id":"https:\/\/iamkieuthu.azdigi.shop\/index.php\/bo-suu-tap-xuan-2026\/huong-dan-thanh-toan\/","url":"https:\/\/iamkieuthu.azdigi.shop\/index.php\/bo-suu-tap-xuan-2026\/huong-dan-thanh-toan\/","name":"H\u01b0\u1edbng d\u1eabn thanh to\u00e1n - Artify","isPartOf":{"@id":"https:\/\/iamkieuthu.azdigi.shop\/#website"},"primaryImageOfPage":{"@id":"https:\/\/iamkieuthu.azdigi.shop\/index.php\/bo-suu-tap-xuan-2026\/huong-dan-thanh-toan\/#primaryimage"},"image":{"@id":"https:\/\/iamkieuthu.azdigi.shop\/index.php\/bo-suu-tap-xuan-2026\/huong-dan-thanh-toan\/#primaryimage"},"thumbnailUrl":"https:\/\/iamkieuthu.azdigi.shop\/wp-content\/uploads\/2026\/04\/Vietcombank_Logo.svg-300x103.png","datePublished":"2026-04-18T08:04:00+00:00","dateModified":"2026-04-18T08:05:03+00:00","breadcrumb":{"@id":"https:\/\/iamkieuthu.azdigi.shop\/index.php\/bo-suu-tap-xuan-2026\/huong-dan-thanh-toan\/#breadcrumb"},"inLanguage":"en-US","potentialAction":[{"@type":"ReadAction","target":["https:\/\/iamkieuthu.azdigi.shop\/index.php\/bo-suu-tap-xuan-2026\/huong-dan-thanh-toan\/"]}]},{"@type":"ImageObject","inLanguage":"en-US","@id":"https:\/\/iamkieuthu.azdigi.shop\/index.php\/bo-suu-tap-xuan-2026\/huong-dan-thanh-toan\/#primaryimage","url":"https:\/\/iamkieuthu.azdigi.shop\/wp-content\/uploads\/2026\/04\/Vietcombank_Logo.svg.png","contentUrl":"https:\/\/iamkieuthu.azdigi.shop\/wp-content\/uploads\/2026\/04\/Vietcombank_Logo.svg.png","width":1280,"height":440},{"@type":"BreadcrumbList","@id":"https:\/\/iamkieuthu.azdigi.shop\/index.php\/bo-suu-tap-xuan-2026\/huong-dan-thanh-toan\/#breadcrumb","itemListElement":[{"@type":"ListItem","position":1,"name":"Home","item":"https:\/\/iamkieuthu.azdigi.shop\/"},{"@type":"ListItem","position":2,"name":"Trang ch\u1ee7","item":"https:\/\/iamkieuthu.azdigi.shop\/"},{"@type":"ListItem","position":3,"name":"H\u01b0\u1edbng d\u1eabn thanh to\u00e1n"}]},{"@type":"WebSite","@id":"https:\/\/iamkieuthu.azdigi.shop\/#website","url":"https:\/\/iamkieuthu.azdigi.shop\/","name":"Artify","description":"","potentialAction":[{"@type":"SearchAction","target":{"@type":"EntryPoint","urlTemplate":"https:\/\/iamkieuthu.azdigi.shop\/?s={search_term_string}"},"query-input":{"@type":"PropertyValueSpecification","valueRequired":true,"valueName":"search_term_string"}}],"inLanguage":"en-US"}]}},"jetpack_sharing_enabled":true,"_links":{"self":[{"href":"https:\/\/iamkieuthu.azdigi.shop\/index.php\/wp-json\/wp\/v2\/pages\/686","targetHints":{"allow":["GET"]}}],"collection":[{"href":"https:\/\/iamkieuthu.azdigi.shop\/index.php\/wp-json\/wp\/v2\/pages"}],"about":[{"href":"https:\/\/iamkieuthu.azdigi.shop\/index.php\/wp-json\/wp\/v2\/types\/page"}],"author":[{"embeddable":true,"href":"https:\/\/iamkieuthu.azdigi.shop\/index.php\/wp-json\/wp\/v2\/users\/1"}],"replies":[{"embeddable":true,"href":"https:\/\/iamkieuthu.azdigi.shop\/index.php\/wp-json\/wp\/v2\/comments?post=686"}],"version-history":[{"count":1,"href":"https:\/\/iamkieuthu.azdigi.shop\/index.php\/wp-json\/wp\/v2\/pages\/686\/revisions"}],"predecessor-version":[{"id":688,"href":"https:\/\/iamkieuthu.azdigi.shop\/index.php\/wp-json\/wp\/v2\/pages\/686\/revisions\/688"}],"up":[{"embeddable":true,"href":"https:\/\/iamkieuthu.azdigi.shop\/index.php\/wp-json\/wp\/v2\/pages\/18"}],"wp:attachment":[{"href":"https:\/\/iamkieuthu.azdigi.shop\/index.php\/wp-json\/wp\/v2\/media?parent=686"}],"curies":[{"name":"wp","href":"https:\/\/api.w.org\/{rel}","templated":true}]}}