{"id":361,"date":"2026-04-12T15:49:58","date_gmt":"2026-04-12T15:49:58","guid":{"rendered":"https:\/\/iamkieuthu.azdigi.shop\/?page_id=361"},"modified":"2026-04-17T15:46:58","modified_gmt":"2026-04-17T15:46:58","slug":"gioi-thieu","status":"publish","type":"page","link":"https:\/\/iamkieuthu.azdigi.shop\/index.php\/gioi-thieu\/","title":{"rendered":"Gi\u1edbi thi\u1ec7u"},"content":{"rendered":"\t<section class=\"section\" id=\"section_710627458\">\n\t\t<div class=\"bg section-bg fill bg-fill  bg-loaded\" >\n\n\t\t\t\n\t\t\t\n\t\t\t\n\n\t\t<\/div>\n\n\t\t<div class=\"section-content relative\">\n\t\t\t\n<div class=\"row row-full-width\"  id=\"row-1940853645\">\n\n\t<div id=\"col-1813341029\" class=\"col small-12 large-12\"  >\n\t\t\t\t<div class=\"col-inner\"  >\n\t\t\t\n\t\t\t\n\t<div id=\"text-2287614381\" class=\"text\">\n\t\t\n<h1 style=\"text-align: center;\" data-section-id=\"pwu7k7\" data-start=\"131\" data-end=\"158\">\ud83d\udd8c\ufe0f GI\u1edaI THI\u1ec6U V\u1ec0 ARTIFY<\/h1>\n<p data-start=\"160\" data-end=\"428\"><strong data-start=\"160\" data-end=\"170\">Artify<\/strong> l\u00e0 c\u1eeda h\u00e0ng chuy\u00ean cung c\u1ea5p ho\u1ea1 c\u1ee5 ch\u1ea5t l\u01b0\u1ee3ng d\u00e0nh cho h\u1ecdc sinh, sinh vi\u00ean v\u00e0 nh\u1eefng ng\u01b0\u1eddi y\u00eau th\u00edch h\u1ed9i ho\u1ea1. V\u1edbi mong mu\u1ed1n mang ngh\u1ec7 thu\u1eadt \u0111\u1ebfn g\u1ea7n h\u01a1n v\u1edbi m\u1ecdi ng\u01b0\u1eddi, Artify lu\u00f4n l\u1ef1a ch\u1ecdn nh\u1eefng s\u1ea3n ph\u1ea9m t\u1ed1t, d\u1ec5 s\u1eed d\u1ee5ng v\u00e0 ph\u00f9 h\u1ee3p v\u1edbi nhi\u1ec1u nhu c\u1ea7u kh\u00e1c nhau.<\/p>\n<h1 style=\"text-align: center;\" data-section-id=\"pjtrci\" data-start=\"435\" data-end=\"462\">\ud83c\udfa8 S\u1ee8 M\u1ec6NH C\u1ee6A CH\u00daNG T\u00d4I<\/h1>\n<p data-start=\"464\" data-end=\"650\">Artify kh\u00f4ng ch\u1ec9 b\u00e1n ho\u1ea1 c\u1ee5, m\u00e0 c\u00f2n mong mu\u1ed1n tr\u1edf th\u00e0nh ng\u01b0\u1eddi b\u1ea1n \u0111\u1ed3ng h\u00e0nh trong h\u00e0nh tr\u00ecnh s\u00e1ng t\u1ea1o c\u1ee7a b\u1ea1n.<br data-start=\"574\" data-end=\"577\" \/>Ch\u00fang t\u00f4i tin r\u1eb1ng ai c\u0169ng c\u00f3 th\u1ec3 v\u1ebd v\u00e0 th\u1ec3 hi\u1ec7n b\u1ea3n th\u00e2n qua ngh\u1ec7 thu\u1eadt.<\/p>\n<h1 style=\"text-align: center;\" data-section-id=\"p8wwt0\" data-start=\"657\" data-end=\"683\">\ud83d\udecd\ufe0f S\u1ea2N PH\u1ea8M T\u1ea0I ARTIFY<\/h1>\n<p data-start=\"685\" data-end=\"725\">T\u1ea1i Artify, b\u1ea1n c\u00f3 th\u1ec3 d\u1ec5 d\u00e0ng t\u00ecm th\u1ea5y:<\/p>\n<ul data-start=\"726\" data-end=\"854\">\n<li data-section-id=\"16yknhv\" data-start=\"726\" data-end=\"759\">M\u00e0u n\u01b0\u1edbc, m\u00e0u ch\u00ec, m\u00e0u marker<\/li>\n<li data-section-id=\"1j77a4c\" data-start=\"760\" data-end=\"786\">C\u1ecd v\u1ebd, gi\u1ea5y v\u1ebd, canvas<\/li>\n<li data-section-id=\"1j4ycwf\" data-start=\"787\" data-end=\"813\">B\u00fat v\u1ebd, d\u1ee5ng c\u1ee5 sketch<\/li>\n<li data-section-id=\"3qvqpp\" data-start=\"814\" data-end=\"854\">B\u1ed9 ho\u1ea1 c\u1ee5 d\u00e0nh cho ng\u01b0\u1eddi m\u1edbi b\u1eaft \u0111\u1ea7u<\/li>\n<\/ul>\n<p data-start=\"856\" data-end=\"935\">T\u1ea5t c\u1ea3 s\u1ea3n ph\u1ea9m \u0111\u1ec1u \u0111\u01b0\u1ee3c ch\u1ecdn l\u1ecdc k\u1ef9 c\u00e0ng, \u0111\u1ea3m b\u1ea3o ch\u1ea5t l\u01b0\u1ee3ng v\u00e0 gi\u00e1 c\u1ea3 h\u1ee3p l\u00fd.<\/p>\n<h1 style=\"text-align: center;\" data-section-id=\"f70zsi\" data-start=\"942\" data-end=\"967\">\u2b50 T\u1ea0I SAO CH\u1eccN ARTIFY?<\/h1>\n<ul data-start=\"969\" data-end=\"1105\">\n<li data-section-id=\"ss7b84\" data-start=\"969\" data-end=\"1005\">\u2714\ufe0f S\u1ea3n ph\u1ea9m \u0111a d\u1ea1ng, d\u1ec5 l\u1ef1a ch\u1ecdn<\/li>\n<li data-section-id=\"al79x5\" data-start=\"1006\" data-end=\"1054\">\u2714\ufe0f Ph\u00f9 h\u1ee3p t\u1eeb ng\u01b0\u1eddi m\u1edbi \u0111\u1ebfn ng\u01b0\u1eddi v\u1ebd l\u00e2u n\u0103m<\/li>\n<li data-section-id=\"13aatue\" data-start=\"1055\" data-end=\"1075\">\u2714\ufe0f Gi\u00e1 c\u1ea3 h\u1ee3p l\u00fd<\/li>\n<li data-section-id=\"1ng0nnd\" data-start=\"1076\" data-end=\"1105\">\u2714\ufe0f H\u1ed7 tr\u1ee3 t\u01b0 v\u1ea5n t\u1eadn t\u00ecnh<\/li>\n<\/ul>\n<h2 style=\"text-align: center;\" data-section-id=\"1te0jl4\" data-start=\"1112\" data-end=\"1135\">\ud83d\udccd TH\u00d4NG TIN LI\u00caN H\u1ec6<\/h2>\n<ul data-start=\"1137\" data-end=\"1258\">\n<li data-section-id=\"104e1t5\" data-start=\"1137\" data-end=\"1192\">\ud83d\udccc \u0110\u1ecba ch\u1ec9: 467\/21 H\u00e0 Huy Gi\u00e1p, P. Th\u1ea1nh Xu\u00e2n, Q.12<\/li>\n<li data-section-id=\"18t4x0v\" data-start=\"1193\" data-end=\"1217\">\ud83d\udcde S\u0110T: 0784 247 636<\/li>\n<li data-section-id=\"5ipq15\" data-start=\"1218\" data-end=\"1258\">\ud83d\udce7 Email: Kieuthu2500@gmail.com<\/li>\n<\/ul>\n<h1 style=\"text-align: center;\" data-section-id=\"q53w4s\" data-start=\"1265\" data-end=\"1278\">\ud83d\udcac L\u1edcI K\u1ebeT<\/h1>\n<p data-start=\"1280\" data-end=\"1437\">Artify hy v\u1ecdng s\u1ebd l\u00e0 n\u01a1i b\u1ea1n t\u00ecm th\u1ea5y c\u1ea3m h\u1ee9ng v\u00e0 b\u1eaft \u0111\u1ea7u h\u00e0nh tr\u00ecnh s\u00e1ng t\u1ea1o c\u1ee7a ri\u00eang m\u00ecnh.<br data-start=\"1373\" data-end=\"1376\" \/>H\u00e3y \u0111\u1ec3 Artify \u0111\u1ed3ng h\u00e0nh c\u00f9ng b\u1ea1n tr\u00ean con \u0111\u01b0\u1eddng ngh\u1ec7 thu\u1eadt \ud83c\udfa8<\/p>\n\t\t\n<style>\n#text-2287614381 {\n  color: rgb(39, 123, 193);\n}\n#text-2287614381 > * {\n  color: rgb(39, 123, 193);\n}\n<\/style>\n\t<\/div>\n\t\n\t\t<\/div>\n\t\t\t\t\t<\/div>\n\n\t\n<\/div>\n\t\t<\/div>\n\n\t\t\n<style>\n#section_710627458 {\n  padding-top: 30px;\n  padding-bottom: 30px;\n}\n<\/style>\n\t<\/section>\n\t\n","protected":false},"excerpt":{"rendered":"","protected":false},"author":1,"featured_media":0,"parent":0,"menu_order":0,"comment_status":"closed","ping_status":"closed","template":"","meta":{"footnotes":""},"class_list":["post-361","page","type-page","status-publish","hentry"],"yoast_head":"<!-- This site is optimized with the Yoast SEO plugin v26.9 - https:\/\/yoast.com\/product\/yoast-seo-wordpress\/ -->\n<title>Gi\u1edbi thi\u1ec7u - Artify<\/title>\n<meta name=\"robots\" content=\"index, follow, max-snippet:-1, max-image-preview:large, max-video-preview:-1\" \/>\n<link rel=\"canonical\" href=\"https:\/\/iamkieuthu.azdigi.shop\/index.php\/gioi-thieu\/\" \/>\n<meta property=\"og:locale\" content=\"en_US\" \/>\n<meta property=\"og:type\" content=\"article\" \/>\n<meta property=\"og:title\" content=\"Gi\u1edbi thi\u1ec7u - Artify\" \/>\n<meta property=\"og:url\" content=\"https:\/\/iamkieuthu.azdigi.shop\/index.php\/gioi-thieu\/\" \/>\n<meta property=\"og:site_name\" content=\"Artify\" \/>\n<meta property=\"article:modified_time\" content=\"2026-04-17T15:46:58+00:00\" \/>\n<meta name=\"twitter:card\" content=\"summary_large_image\" \/>\n<script type=\"application\/ld+json\" class=\"yoast-schema-graph\">{\"@context\":\"https:\/\/schema.org\",\"@graph\":[{\"@type\":\"WebPage\",\"@id\":\"https:\/\/iamkieuthu.azdigi.shop\/index.php\/gioi-thieu\/\",\"url\":\"https:\/\/iamkieuthu.azdigi.shop\/index.php\/gioi-thieu\/\",\"name\":\"Gi\u1edbi thi\u1ec7u - Artify\",\"isPartOf\":{\"@id\":\"https:\/\/iamkieuthu.azdigi.shop\/#website\"},\"datePublished\":\"2026-04-12T15:49:58+00:00\",\"dateModified\":\"2026-04-17T15:46:58+00:00\",\"breadcrumb\":{\"@id\":\"https:\/\/iamkieuthu.azdigi.shop\/index.php\/gioi-thieu\/#breadcrumb\"},\"inLanguage\":\"en-US\",\"potentialAction\":[{\"@type\":\"ReadAction\",\"target\":[\"https:\/\/iamkieuthu.azdigi.shop\/index.php\/gioi-thieu\/\"]}]},{\"@type\":\"BreadcrumbList\",\"@id\":\"https:\/\/iamkieuthu.azdigi.shop\/index.php\/gioi-thieu\/#breadcrumb\",\"itemListElement\":[{\"@type\":\"ListItem\",\"position\":1,\"name\":\"Home\",\"item\":\"https:\/\/iamkieuthu.azdigi.shop\/\"},{\"@type\":\"ListItem\",\"position\":2,\"name\":\"Gi\u1edbi thi\u1ec7u\"}]},{\"@type\":\"WebSite\",\"@id\":\"https:\/\/iamkieuthu.azdigi.shop\/#website\",\"url\":\"https:\/\/iamkieuthu.azdigi.shop\/\",\"name\":\"Artify\",\"description\":\"\",\"potentialAction\":[{\"@type\":\"SearchAction\",\"target\":{\"@type\":\"EntryPoint\",\"urlTemplate\":\"https:\/\/iamkieuthu.azdigi.shop\/?s={search_term_string}\"},\"query-input\":{\"@type\":\"PropertyValueSpecification\",\"valueRequired\":true,\"valueName\":\"search_term_string\"}}],\"inLanguage\":\"en-US\"}]}<\/script>\n<!-- \/ Yoast SEO plugin. -->","yoast_head_json":{"title":"Gi\u1edbi thi\u1ec7u - Artify","robots":{"index":"index","follow":"follow","max-snippet":"max-snippet:-1","max-image-preview":"max-image-preview:large","max-video-preview":"max-video-preview:-1"},"canonical":"https:\/\/iamkieuthu.azdigi.shop\/index.php\/gioi-thieu\/","og_locale":"en_US","og_type":"article","og_title":"Gi\u1edbi thi\u1ec7u - Artify","og_url":"https:\/\/iamkieuthu.azdigi.shop\/index.php\/gioi-thieu\/","og_site_name":"Artify","article_modified_time":"2026-04-17T15:46:58+00:00","twitter_card":"summary_large_image","schema":{"@context":"https:\/\/schema.org","@graph":[{"@type":"WebPage","@id":"https:\/\/iamkieuthu.azdigi.shop\/index.php\/gioi-thieu\/","url":"https:\/\/iamkieuthu.azdigi.shop\/index.php\/gioi-thieu\/","name":"Gi\u1edbi thi\u1ec7u - Artify","isPartOf":{"@id":"https:\/\/iamkieuthu.azdigi.shop\/#website"},"datePublished":"2026-04-12T15:49:58+00:00","dateModified":"2026-04-17T15:46:58+00:00","breadcrumb":{"@id":"https:\/\/iamkieuthu.azdigi.shop\/index.php\/gioi-thieu\/#breadcrumb"},"inLanguage":"en-US","potentialAction":[{"@type":"ReadAction","target":["https:\/\/iamkieuthu.azdigi.shop\/index.php\/gioi-thieu\/"]}]},{"@type":"BreadcrumbList","@id":"https:\/\/iamkieuthu.azdigi.shop\/index.php\/gioi-thieu\/#breadcrumb","itemListElement":[{"@type":"ListItem","position":1,"name":"Home","item":"https:\/\/iamkieuthu.azdigi.shop\/"},{"@type":"ListItem","position":2,"name":"Gi\u1edbi thi\u1ec7u"}]},{"@type":"WebSite","@id":"https:\/\/iamkieuthu.azdigi.shop\/#website","url":"https:\/\/iamkieuthu.azdigi.shop\/","name":"Artify","description":"","potentialAction":[{"@type":"SearchAction","target":{"@type":"EntryPoint","urlTemplate":"https:\/\/iamkieuthu.azdigi.shop\/?s={search_term_string}"},"query-input":{"@type":"PropertyValueSpecification","valueRequired":true,"valueName":"search_term_string"}}],"inLanguage":"en-US"}]}},"jetpack_sharing_enabled":true,"_links":{"self":[{"href":"https:\/\/iamkieuthu.azdigi.shop\/index.php\/wp-json\/wp\/v2\/pages\/361","targetHints":{"allow":["GET"]}}],"collection":[{"href":"https:\/\/iamkieuthu.azdigi.shop\/index.php\/wp-json\/wp\/v2\/pages"}],"about":[{"href":"https:\/\/iamkieuthu.azdigi.shop\/index.php\/wp-json\/wp\/v2\/types\/page"}],"author":[{"embeddable":true,"href":"https:\/\/iamkieuthu.azdigi.shop\/index.php\/wp-json\/wp\/v2\/users\/1"}],"replies":[{"embeddable":true,"href":"https:\/\/iamkieuthu.azdigi.shop\/index.php\/wp-json\/wp\/v2\/comments?post=361"}],"version-history":[{"count":2,"href":"https:\/\/iamkieuthu.azdigi.shop\/index.php\/wp-json\/wp\/v2\/pages\/361\/revisions"}],"predecessor-version":[{"id":625,"href":"https:\/\/iamkieuthu.azdigi.shop\/index.php\/wp-json\/wp\/v2\/pages\/361\/revisions\/625"}],"wp:attachment":[{"href":"https:\/\/iamkieuthu.azdigi.shop\/index.php\/wp-json\/wp\/v2\/media?parent=361"}],"curies":[{"name":"wp","href":"https:\/\/api.w.org\/{rel}","templated":true}]}}